{"id":3240,"date":"2025-11-04T17:44:40","date_gmt":"2025-11-04T16:44:40","guid":{"rendered":"https:\/\/manistudio.es\/?page_id=3240"},"modified":"2025-11-11T14:12:28","modified_gmt":"2025-11-11T13:12:28","slug":"portafoglio-in-corso","status":"publish","type":"page","link":"https:\/\/manistudio.es\/it\/portafoglio-in-corso\/","title":{"rendered":"Portafoglio"},"content":{"rendered":"<div data-elementor-type=\"wp-page\" data-elementor-id=\"3240\" class=\"elementor elementor-3240\" data-elementor-post-type=\"page\">\n\t\t\t\t<div class=\"elementor-element elementor-element-44f8b25a e-flex e-con-boxed e-con e-parent\" data-id=\"44f8b25a\" data-element_type=\"container\" data-e-type=\"container\">\n\t\t\t\t\t<div class=\"e-con-inner\">\n\t\t\t\t<div class=\"elementor-element elementor-element-45435fe8 e-transform e-transform elementor-invisible elementor-widget elementor-widget-image\" data-id=\"45435fe8\" data-element_type=\"widget\" data-e-type=\"widget\" data-settings=\"{&quot;_animation&quot;:&quot;fadeIn&quot;,&quot;_animation_delay&quot;:200,&quot;_transform_rotateZ_effect&quot;:{&quot;unit&quot;:&quot;px&quot;,&quot;size&quot;:-3,&quot;sizes&quot;:[]},&quot;_transform_rotateZ_effect_hover&quot;:{&quot;unit&quot;:&quot;px&quot;,&quot;size&quot;:0,&quot;sizes&quot;:[]},&quot;_transform_rotateZ_effect_tablet&quot;:{&quot;unit&quot;:&quot;deg&quot;,&quot;size&quot;:&quot;&quot;,&quot;sizes&quot;:[]},&quot;_transform_rotateZ_effect_mobile&quot;:{&quot;unit&quot;:&quot;deg&quot;,&quot;size&quot;:&quot;&quot;,&quot;sizes&quot;:[]},&quot;_transform_rotateZ_effect_hover_tablet&quot;:{&quot;unit&quot;:&quot;deg&quot;,&quot;size&quot;:&quot;&quot;,&quot;sizes&quot;:[]},&quot;_transform_rotateZ_effect_hover_mobile&quot;:{&quot;unit&quot;:&quot;deg&quot;,&quot;size&quot;:&quot;&quot;,&quot;sizes&quot;:[]}}\" data-widget_type=\"image.default\">\n\t\t\t\t\t\t\t\t\t\t\t\t\t\t\t<img fetchpriority=\"high\" decoding=\"async\" width=\"640\" height=\"565\" src=\"https:\/\/manistudio.es\/wp-content\/uploads\/2025\/10\/Proyecto-20251021025440-1.png\" class=\"attachment-large size-large wp-image-2732\" alt=\"\" srcset=\"https:\/\/manistudio.es\/wp-content\/uploads\/2025\/10\/Proyecto-20251021025440-1.png 640w, https:\/\/manistudio.es\/wp-content\/uploads\/2025\/10\/Proyecto-20251021025440-1-300x265.png 300w, https:\/\/manistudio.es\/wp-content\/uploads\/2025\/10\/Proyecto-20251021025440-1-14x12.png 14w, https:\/\/manistudio.es\/wp-content\/uploads\/2025\/10\/Proyecto-20251021025440-1-304x268.png 304w\" sizes=\"(max-width: 640px) 100vw, 640px\" \/>\t\t\t\t\t\t\t\t\t\t\t\t\t\t\t<\/div>\n\t\t\t\t<div class=\"elementor-element elementor-element-18c98abb elementor-invisible elementor-widget elementor-widget-heading\" data-id=\"18c98abb\" data-element_type=\"widget\" data-e-type=\"widget\" data-settings=\"{&quot;_animation&quot;:&quot;fadeIn&quot;,&quot;_animation_delay&quot;:400}\" data-widget_type=\"heading.default\">\n\t\t\t\t\t<h2 class=\"elementor-heading-title elementor-size-default\">Pagina in corso<\/h2>\t\t\t\t<\/div>\n\t\t\t\t<div class=\"elementor-element elementor-element-333cbbf0 elementor-widget__width-initial elementor-invisible elementor-widget elementor-widget-text-editor\" data-id=\"333cbbf0\" data-element_type=\"widget\" data-e-type=\"widget\" data-settings=\"{&quot;_animation&quot;:&quot;fadeIn&quot;,&quot;_animation_delay&quot;:600}\" data-widget_type=\"text-editor.default\">\n\t\t\t\t\t\t\t\t\t<p>Siamo felici che siate qui \ud83d\ude09 .\u00a0<\/p><p>Presto pubblicheremo il nostro lavoro, dateci tempo.\u00a0<br \/>Se volete essere una delle nostre prossime storie di successo, scriveteci.<\/p>\t\t\t\t\t\t\t\t<\/div>\n\t\t\t\t<div class=\"elementor-element elementor-element-73380060 elementor-invisible elementor-widget elementor-widget-button\" data-id=\"73380060\" data-element_type=\"widget\" data-e-type=\"widget\" data-settings=\"{&quot;_animation&quot;:&quot;fadeIn&quot;,&quot;_animation_delay&quot;:700}\" data-widget_type=\"button.default\">\n\t\t\t\t\t\t\t\t\t\t<a class=\"elementor-button elementor-button-link elementor-size-sm\" href=\"#elementor-action%3Aaction%3Dpopup%3Aopen%26settings%3DeyJpZCI6IjMwNjAiLCJ0b2dnbGUiOmZhbHNlfQ%3D%3D\">\n\t\t\t\t\t\t<span class=\"elementor-button-content-wrapper\">\n\t\t\t\t\t\t\t\t\t<span class=\"elementor-button-text\">Scriveteci all'indirizzo<\/span>\n\t\t\t\t\t<\/span>\n\t\t\t\t\t<\/a>\n\t\t\t\t\t\t\t\t<\/div>\n\t\t\t\t\t<\/div>\n\t\t\t\t<\/div>\n\t\t\t\t<\/div>","protected":false},"excerpt":{"rendered":"<p>P\u00e1gina en proceso Nos alegra que est\u00e9s aqu\u00ed \ud83d\ude09.\u00a0 Pronto publicaremos nuestros trabajos, danos tiempo.\u00a0Si quieres ser uno de nuestros pr\u00f3ximos casos de \u00e9xito [&hellip;]<\/p>\n","protected":false},"author":3,"featured_media":0,"parent":0,"menu_order":1,"comment_status":"closed","ping_status":"closed","template":"page-custom.php","meta":{"_acf_changed":false,"footnotes":""},"class_list":["post-3240","page","type-page","status-publish","hentry"],"acf":{"full_width":true,"header_transparent":false},"_links":{"self":[{"href":"https:\/\/manistudio.es\/it\/wp-json\/wp\/v2\/pages\/3240","targetHints":{"allow":["GET"]}}],"collection":[{"href":"https:\/\/manistudio.es\/it\/wp-json\/wp\/v2\/pages"}],"about":[{"href":"https:\/\/manistudio.es\/it\/wp-json\/wp\/v2\/types\/page"}],"author":[{"embeddable":true,"href":"https:\/\/manistudio.es\/it\/wp-json\/wp\/v2\/users\/3"}],"replies":[{"embeddable":true,"href":"https:\/\/manistudio.es\/it\/wp-json\/wp\/v2\/comments?post=3240"}],"version-history":[{"count":5,"href":"https:\/\/manistudio.es\/it\/wp-json\/wp\/v2\/pages\/3240\/revisions"}],"predecessor-version":[{"id":3760,"href":"https:\/\/manistudio.es\/it\/wp-json\/wp\/v2\/pages\/3240\/revisions\/3760"}],"wp:attachment":[{"href":"https:\/\/manistudio.es\/it\/wp-json\/wp\/v2\/media?parent=3240"}],"curies":[{"name":"wp","href":"https:\/\/api.w.org\/{rel}","templated":true}]}}